{"id":1054,"date":"2022-09-30T10:23:04","date_gmt":"2022-09-30T07:23:04","guid":{"rendered":"https:\/\/maardurukkilill.ee\/uldeesmargid\/"},"modified":"2022-10-06T12:53:58","modified_gmt":"2022-10-06T09:53:58","slug":"uldeesmargid","status":"publish","type":"page","link":"https:\/\/maardurukkilill.ee\/ru\/uldeesmargid\/","title":{"rendered":"\u041e\u0431\u0449\u0438\u0435 \u0446\u0435\u043b\u0438"},"content":{"rendered":"<div class=\"wpb-content-wrapper\"><p>[vc_row full_width=&#187;stretch_row_content_no_spaces&#187; css=&#187;.vc_custom_1568613933439{padding-bottom: 120px !important;}&#187; klb_responsive=&#187;.vc_custom_1568613933440{padding-bottom: 40px !important;}&#187;][vc_column]<div class=\"jumbotron jumbotron-fluid\" ><div class=\"container\" ><div class=\"jumbo-heading\" data-aos=\"fade-down\"><h1>\u041e\u0431\u0449\u0438\u0435 \u0446\u0435\u043b\u0438<\/h1><\/div><\/div><\/div>[\/vc_column][\/vc_row][vc_row full_width=&#187;stretch_row&#187; css=&#187;.vc_custom_1592238115716{padding-bottom: 70px !important;background-color: #ffffff !important;}&#187; klb_responsive=&#187;.vc_custom_1592238115717{padding-bottom: 40px !important;}&#187; klb_background_one=&#187;163&#8243; klb_background_two=&#187;162&#8243;][vc_column][vc_column_text]<\/p>\n<ol style=\"font-weight: 400;\">\n<li>Arendada lastel huvi eesti keele, rahvuslike t\u00e4htp\u00e4evade, kultuuri ja s\u00fcmboolika vastu<\/li>\n<li>\u00d5petada kuulama ja m\u00f5istma eesti keele k\u00f5la, vahet tegema eesti ja vene keelte vahel;<\/li>\n<li>Arendada lastel oskus adekvaatselt reageerima lihtsamatele korraldustele\/palvedele eesti keeles;<\/li>\n<li>Soodustada eestikeelse h\u00e4\u00e4ldamise kujunemist lastel;<\/li>\n<li>\u00d5petada lastele eestikeelset s\u00f5navara ja v\u00e4ljendeid;<\/li>\n<li>Julgustada lapsi korrata \u00fcksikuid s\u00f5nu, vastata lihtsamatele k\u00fcsimustele;<\/li>\n<li>Kujundada lastel valmidus suhtlemiseks eesti keeles;<\/li>\n<li>Kasutada eesti keele \u00f5petamisel erinevaid \u00f5ppetegevuse viise nagu laulmine, liikumine, m\u00e4ngud jne<\/li>\n<\/ol>\n<p>[\/vc_column_text][\/vc_column][\/vc_row][vc_row][vc_column][vc_empty_space height=&#187;50&#8243;][\/vc_column][\/vc_row]<\/p>\n<\/div>","protected":false},"excerpt":{"rendered":"<p>[vc_row full_width=&#187;stretch_row_content_no_spaces&#187; css=&#187;.vc_custom_1568613933439{padding-bottom: 120px !important;}&#187; klb_responsive=&#187;.vc_custom_1568613933440{padding-bottom: 40px !important;}&#187;][vc_column][\/vc_column][\/vc_row][vc_row full_width=&#187;stretch_row&#187; css=&#187;.vc_custom_1592238115716{padding-bottom: 70px !important;background-color: #ffffff !important;}&#187; klb_responsive=&#187;.vc_custom_1592238115717{padding-bottom: 40px !important;}&#187; klb_background_one=&#187;163&#8243; klb_background_two=&#187;162&#8243;][vc_column][vc_column_text] Arendada lastel huvi eesti keele, rahvuslike t\u00e4htp\u00e4evade, kultuuri ja s\u00fcmboolika vastu \u00d5petada kuulama ja m\u00f5istma eesti keele k\u00f5la, vahet tegema eesti ja vene keelte vahel; Arendada lastel oskus adekvaatselt reageerima lihtsamatele korraldustele\/palvedele eesti keeles; Soodustada eestikeelse<\/p>\n<div class=\"klb-readmore\"><a href=\"https:\/\/maardurukkilill.ee\/ru\/uldeesmargid\/\" class=\"btn btn-primary\">READ MORE<\/a><\/div>\n","protected":false},"author":1,"featured_media":0,"parent":0,"menu_order":0,"comment_status":"closed","ping_status":"closed","template":"","meta":{"rs_blank_template":"","rs_page_bg_color":"#ffffff","slide_template_v7":"","footnotes":""},"class_list":["post-1054","page","type-page","status-publish","hentry","col-lg-12 mb-5"],"_links":{"self":[{"href":"https:\/\/maardurukkilill.ee\/ru\/wp-json\/wp\/v2\/pages\/1054","targetHints":{"allow":["GET"]}}],"collection":[{"href":"https:\/\/maardurukkilill.ee\/ru\/wp-json\/wp\/v2\/pages"}],"about":[{"href":"https:\/\/maardurukkilill.ee\/ru\/wp-json\/wp\/v2\/types\/page"}],"author":[{"embeddable":true,"href":"https:\/\/maardurukkilill.ee\/ru\/wp-json\/wp\/v2\/users\/1"}],"replies":[{"embeddable":true,"href":"https:\/\/maardurukkilill.ee\/ru\/wp-json\/wp\/v2\/comments?post=1054"}],"version-history":[{"count":1,"href":"https:\/\/maardurukkilill.ee\/ru\/wp-json\/wp\/v2\/pages\/1054\/revisions"}],"predecessor-version":[{"id":1109,"href":"https:\/\/maardurukkilill.ee\/ru\/wp-json\/wp\/v2\/pages\/1054\/revisions\/1109"}],"wp:attachment":[{"href":"https:\/\/maardurukkilill.ee\/ru\/wp-json\/wp\/v2\/media?parent=1054"}],"curies":[{"name":"wp","href":"https:\/\/api.w.org\/{rel}","templated":true}]}}